{"id":56,"date":"2021-11-19T18:19:37","date_gmt":"2021-11-19T17:19:37","guid":{"rendered":"http:\/\/loirevalleepadel.fr\/?page_id=56"},"modified":"2025-09-04T12:12:46","modified_gmt":"2025-09-04T10:12:46","slug":"tarifs","status":"publish","type":"page","link":"https:\/\/loirevalleepadel.fr\/index.php\/tarifs\/","title":{"rendered":"Tarifs padel"},"content":{"rendered":"\n<p><\/p>\n\n\n\n<h1 class=\"wp-block-heading has-text-align-center\" style=\"font-size:35px\">Tarifs Padel<\/h1>\n\n\n\n<p class=\"has-text-align-center\">Voici les tarifs (\u00e0 partir du 1er juin 2023) du Loire Vall\u00e9e Padel, n&#8217;h\u00e9sitez pas \u00e0 nous contacter pour plus d&#8217;informations.<\/p>\n\n\n\n<div class=\"wp-block-stackable-divider is-style-bar stk-block-divider stk-block stk-15ed595\" data-block-id=\"15ed595\"><style>.stk-15ed595 hr.stk-block-divider__hr{background:#92bfd5 !important}<\/style><hr class=\"stk-block-divider__hr\"><\/div>\n\n\n\n<div style=\"height:50px\" aria-hidden=\"true\" class=\"wp-block-spacer\"><\/div>\n\n\n\n<h2 class=\"wp-block-heading has-text-align-center has-x-large-font-size\"><strong>Tarifs Adultes<\/strong><\/h2>\n\n\n\n<div style=\"height:20px\" aria-hidden=\"true\" class=\"wp-block-spacer\"><\/div>\n\n\n<div class=\"wp-block-image\">\n<figure class=\"aligncenter size-full is-resized\"><img loading=\"lazy\" decoding=\"async\" width=\"500\" height=\"500\" src=\"https:\/\/loirevalleepadel.fr\/wp-content\/uploads\/2022\/12\/Picto-Site-Loire-Vallee-Padel-Terrain-7.png\" alt=\"\" class=\"wp-image-1789\" style=\"width:150px;height:150px\" srcset=\"https:\/\/loirevalleepadel.fr\/wp-content\/uploads\/2022\/12\/Picto-Site-Loire-Vallee-Padel-Terrain-7.png 500w, https:\/\/loirevalleepadel.fr\/wp-content\/uploads\/2022\/12\/Picto-Site-Loire-Vallee-Padel-Terrain-7-300x300.png 300w, https:\/\/loirevalleepadel.fr\/wp-content\/uploads\/2022\/12\/Picto-Site-Loire-Vallee-Padel-Terrain-7-150x150.png 150w\" sizes=\"auto, (max-width: 500px) 100vw, 500px\" \/><\/figure><\/div>\n\n\n<p class=\"has-text-align-center has-medium-font-size\"><strong>8\u20ac<\/strong> la location de terrain pour 1 personne<br>(soit <strong>32\u20ac<\/strong> le terrain pour 1 heure)<\/p>\n\n\n\n<div style=\"height:20px\" aria-hidden=\"true\" class=\"wp-block-spacer\"><\/div>\n\n\n\n<div class=\"wp-block-stackable-spacer stk-block-spacer stk--no-padding stk-block stk-1363803\" data-block-id=\"1363803\"><style>.stk-1363803{height:25px !important}<\/style><\/div>\n\n\n\n<div class=\"wp-block-columns is-layout-flex wp-container-core-columns-is-layout-1 wp-block-columns-is-layout-flex\">\n<div class=\"wp-block-column is-layout-flow wp-block-column-is-layout-flow\"><div class=\"wp-block-image\">\n<figure class=\"aligncenter size-full is-resized\"><img loading=\"lazy\" decoding=\"async\" width=\"500\" height=\"500\" src=\"https:\/\/loirevalleepadel.fr\/wp-content\/uploads\/2022\/12\/Picto-Site-Loire-Vallee-Padel-Terrain-1.png\" alt=\"\" class=\"wp-image-1780\" style=\"width:75px;height:75px\" srcset=\"https:\/\/loirevalleepadel.fr\/wp-content\/uploads\/2022\/12\/Picto-Site-Loire-Vallee-Padel-Terrain-1.png 500w, https:\/\/loirevalleepadel.fr\/wp-content\/uploads\/2022\/12\/Picto-Site-Loire-Vallee-Padel-Terrain-1-300x300.png 300w, https:\/\/loirevalleepadel.fr\/wp-content\/uploads\/2022\/12\/Picto-Site-Loire-Vallee-Padel-Terrain-1-150x150.png 150w\" sizes=\"auto, (max-width: 500px) 100vw, 500px\" \/><\/figure><\/div>\n\n\n<p class=\"has-text-align-center has-medium-font-size\"><strong>2\u20ac<\/strong> la location de raquette <\/p>\n<\/div>\n\n\n\n<div class=\"wp-block-column is-layout-flow wp-block-column-is-layout-flow\"><div class=\"wp-block-image\">\n<figure class=\"aligncenter size-full is-resized\"><img loading=\"lazy\" decoding=\"async\" width=\"500\" height=\"500\" src=\"https:\/\/loirevalleepadel.fr\/wp-content\/uploads\/2022\/12\/Picto-Site-Loire-Vallee-Padel-Terrain-3.png\" alt=\"\" class=\"wp-image-1782\" style=\"width:50px;height:50px\" srcset=\"https:\/\/loirevalleepadel.fr\/wp-content\/uploads\/2022\/12\/Picto-Site-Loire-Vallee-Padel-Terrain-3.png 500w, https:\/\/loirevalleepadel.fr\/wp-content\/uploads\/2022\/12\/Picto-Site-Loire-Vallee-Padel-Terrain-3-300x300.png 300w, https:\/\/loirevalleepadel.fr\/wp-content\/uploads\/2022\/12\/Picto-Site-Loire-Vallee-Padel-Terrain-3-150x150.png 150w\" sizes=\"auto, (max-width: 500px) 100vw, 500px\" \/><\/figure><\/div>\n\n\n<div style=\"height:24px\" aria-hidden=\"true\" class=\"wp-block-spacer\"><\/div>\n\n\n\n<p class=\"has-text-align-center has-medium-font-size\"><strong>6\u20ac<\/strong> l&#8217;achat d&#8217;un tube de 3 balles<\/p>\n<\/div>\n<\/div>\n\n\n\n<div class=\"wp-block-stackable-spacer stk-block-spacer stk--no-padding stk-block stk-440cf10\" data-block-id=\"440cf10\"><style>.stk-440cf10{height:100px !important}<\/style><\/div>\n\n\n\n<div class=\"wp-block-stackable-divider is-style-dots stk-block-divider stk-block stk-bec3874\" data-block-id=\"bec3874\"><style>.stk-bec3874 .stk-block-divider__dot{background:#92bfd5 !important}<\/style><div class=\"stk-block-divider__dots\" aria-hidden=\"true\"><div class=\"stk-block-divider__dot\"><\/div><div class=\"stk-block-divider__dot\"><\/div><div class=\"stk-block-divider__dot\"><\/div><\/div><\/div>\n\n\n\n<div style=\"height:50px\" aria-hidden=\"true\" class=\"wp-block-spacer\"><\/div>\n\n\n\n<h2 class=\"wp-block-heading has-text-align-center has-x-large-font-size\"><strong>Tarifs Etudiants<\/strong><\/h2>\n\n\n\n<div style=\"height:20px\" aria-hidden=\"true\" class=\"wp-block-spacer\"><\/div>\n\n\n<div class=\"wp-block-image\">\n<figure class=\"aligncenter size-full is-resized\"><img loading=\"lazy\" decoding=\"async\" width=\"500\" height=\"500\" src=\"https:\/\/loirevalleepadel.fr\/wp-content\/uploads\/2022\/12\/Picto-Site-Loire-Vallee-Padel-Terrain-7.png\" alt=\"\" class=\"wp-image-1789\" style=\"width:150px;height:150px\" srcset=\"https:\/\/loirevalleepadel.fr\/wp-content\/uploads\/2022\/12\/Picto-Site-Loire-Vallee-Padel-Terrain-7.png 500w, https:\/\/loirevalleepadel.fr\/wp-content\/uploads\/2022\/12\/Picto-Site-Loire-Vallee-Padel-Terrain-7-300x300.png 300w, https:\/\/loirevalleepadel.fr\/wp-content\/uploads\/2022\/12\/Picto-Site-Loire-Vallee-Padel-Terrain-7-150x150.png 150w\" sizes=\"auto, (max-width: 500px) 100vw, 500px\" \/><\/figure><\/div>\n\n\n<p class=\"has-text-align-center has-medium-font-size\"><strong>6\u20ac<\/strong> la location de terrain pour 1 personne<br>(soit <strong>24\u20ac<\/strong> le terrain pour 1 heure)<\/p>\n\n\n\n<div class=\"wp-block-stackable-spacer stk-block-spacer stk--no-padding stk-block stk-08a9a54\" data-block-id=\"08a9a54\"><style>.stk-08a9a54{height:25px !important}<\/style><\/div>\n\n\n\n<div class=\"wp-block-columns is-layout-flex wp-container-core-columns-is-layout-2 wp-block-columns-is-layout-flex\">\n<div class=\"wp-block-column is-layout-flow wp-block-column-is-layout-flow\"><div class=\"wp-block-image\">\n<figure class=\"aligncenter size-full is-resized\"><img loading=\"lazy\" decoding=\"async\" width=\"500\" height=\"500\" src=\"https:\/\/loirevalleepadel.fr\/wp-content\/uploads\/2022\/12\/Picto-Site-Loire-Vallee-Padel-Terrain-1.png\" alt=\"\" class=\"wp-image-1780\" style=\"width:75px;height:75px\" srcset=\"https:\/\/loirevalleepadel.fr\/wp-content\/uploads\/2022\/12\/Picto-Site-Loire-Vallee-Padel-Terrain-1.png 500w, https:\/\/loirevalleepadel.fr\/wp-content\/uploads\/2022\/12\/Picto-Site-Loire-Vallee-Padel-Terrain-1-300x300.png 300w, https:\/\/loirevalleepadel.fr\/wp-content\/uploads\/2022\/12\/Picto-Site-Loire-Vallee-Padel-Terrain-1-150x150.png 150w\" sizes=\"auto, (max-width: 500px) 100vw, 500px\" \/><\/figure><\/div>\n\n\n<p class=\"has-text-align-center has-medium-font-size\"><strong>2\u20ac<\/strong> la location de raquette <\/p>\n<\/div>\n\n\n\n<div class=\"wp-block-column is-layout-flow wp-block-column-is-layout-flow\"><div class=\"wp-block-image\">\n<figure class=\"aligncenter size-full is-resized\"><img loading=\"lazy\" decoding=\"async\" width=\"500\" height=\"500\" src=\"https:\/\/loirevalleepadel.fr\/wp-content\/uploads\/2022\/12\/Picto-Site-Loire-Vallee-Padel-Terrain-3.png\" alt=\"\" class=\"wp-image-1782\" style=\"width:50px;height:50px\" srcset=\"https:\/\/loirevalleepadel.fr\/wp-content\/uploads\/2022\/12\/Picto-Site-Loire-Vallee-Padel-Terrain-3.png 500w, https:\/\/loirevalleepadel.fr\/wp-content\/uploads\/2022\/12\/Picto-Site-Loire-Vallee-Padel-Terrain-3-300x300.png 300w, https:\/\/loirevalleepadel.fr\/wp-content\/uploads\/2022\/12\/Picto-Site-Loire-Vallee-Padel-Terrain-3-150x150.png 150w\" sizes=\"auto, (max-width: 500px) 100vw, 500px\" \/><\/figure><\/div>\n\n\n<div style=\"height:24px\" aria-hidden=\"true\" class=\"wp-block-spacer\"><\/div>\n\n\n\n<p class=\"has-text-align-center has-medium-font-size\"><strong>6\u20ac<\/strong> l&#8217;achat d&#8217;un tube de 3 balles<\/p>\n<\/div>\n<\/div>\n\n\n\n<div class=\"wp-block-stackable-spacer stk-block-spacer stk--no-padding stk-block stk-e175b06\" data-block-id=\"e175b06\"><style>.stk-e175b06{height:100px !important}<\/style><\/div>\n\n\n\n<div class=\"wp-block-stackable-divider is-style-dots stk-block-divider stk-block stk-3a019e8\" data-block-id=\"3a019e8\"><style>.stk-3a019e8 .stk-block-divider__dot{background:#92bfd5 !important}<\/style><div class=\"stk-block-divider__dots\" aria-hidden=\"true\"><div class=\"stk-block-divider__dot\"><\/div><div class=\"stk-block-divider__dot\"><\/div><div class=\"stk-block-divider__dot\"><\/div><\/div><\/div>\n\n\n\n<div style=\"height:50px\" aria-hidden=\"true\" class=\"wp-block-spacer\"><\/div>\n\n\n\n<h2 class=\"wp-block-heading has-text-align-center has-x-large-font-size\"><strong>Tarifs Avantageux<\/strong><\/h2>\n\n\n\n<div style=\"height:20px\" aria-hidden=\"true\" class=\"wp-block-spacer\"><\/div>\n\n\n\n<p class=\"has-text-align-center has-large-font-size\">Payez 1h et <strong>Jouez 2h !<\/strong><\/p>\n\n\n\n<p class=\"has-text-align-center has-medium-font-size\">Offre valable du lundi au vendredi pour une location \u00e0 13h30 ou 14h30. En fonction des disponibilit\u00e9s des terrains et hors vacances scolaires.<\/p>\n\n\n\n<div style=\"height:20px\" aria-hidden=\"true\" class=\"wp-block-spacer\"><\/div>\n\n\n<div class=\"wp-block-image\">\n<figure class=\"aligncenter size-full is-resized\"><img loading=\"lazy\" decoding=\"async\" width=\"500\" height=\"500\" src=\"https:\/\/loirevalleepadel.fr\/wp-content\/uploads\/2022\/12\/Picto-Site-Loire-Vallee-Padel-Terrain-7.png\" alt=\"\" class=\"wp-image-1789\" style=\"width:150px;height:150px\" srcset=\"https:\/\/loirevalleepadel.fr\/wp-content\/uploads\/2022\/12\/Picto-Site-Loire-Vallee-Padel-Terrain-7.png 500w, https:\/\/loirevalleepadel.fr\/wp-content\/uploads\/2022\/12\/Picto-Site-Loire-Vallee-Padel-Terrain-7-300x300.png 300w, https:\/\/loirevalleepadel.fr\/wp-content\/uploads\/2022\/12\/Picto-Site-Loire-Vallee-Padel-Terrain-7-150x150.png 150w\" sizes=\"auto, (max-width: 500px) 100vw, 500px\" \/><\/figure><\/div>\n\n\n<p class=\"has-text-align-center has-medium-font-size\"><strong>8\u20ac<\/strong> la location de terrain pour 1 personne (<strong>6\u20ac<\/strong> pour les \u00e9tudiants)<br>(soit <strong>32\u20ac<\/strong> le terrain ou <strong>24\u20ac<\/strong> pour les \u00e9tudiants pour 2 heures)<\/p>\n\n\n\n<div style=\"height:25px\" aria-hidden=\"true\" class=\"wp-block-spacer\"><\/div>\n\n\n\n<div style=\"height:20px\" aria-hidden=\"true\" class=\"wp-block-spacer\"><\/div>\n\n\n\n<div class=\"wp-block-columns is-layout-flex wp-container-core-columns-is-layout-3 wp-block-columns-is-layout-flex\">\n<div class=\"wp-block-column is-layout-flow wp-block-column-is-layout-flow\"><div class=\"wp-block-image\">\n<figure class=\"aligncenter size-full is-resized\"><img loading=\"lazy\" decoding=\"async\" width=\"500\" height=\"500\" src=\"https:\/\/loirevalleepadel.fr\/wp-content\/uploads\/2022\/12\/Picto-Site-Loire-Vallee-Padel-Terrain-1.png\" alt=\"\" class=\"wp-image-1780\" style=\"width:75px;height:75px\" srcset=\"https:\/\/loirevalleepadel.fr\/wp-content\/uploads\/2022\/12\/Picto-Site-Loire-Vallee-Padel-Terrain-1.png 500w, https:\/\/loirevalleepadel.fr\/wp-content\/uploads\/2022\/12\/Picto-Site-Loire-Vallee-Padel-Terrain-1-300x300.png 300w, https:\/\/loirevalleepadel.fr\/wp-content\/uploads\/2022\/12\/Picto-Site-Loire-Vallee-Padel-Terrain-1-150x150.png 150w\" sizes=\"auto, (max-width: 500px) 100vw, 500px\" \/><\/figure><\/div>\n\n\n<p class=\"has-text-align-center has-medium-font-size\"><strong>2\u20ac<\/strong> la location de raquette <\/p>\n<\/div>\n\n\n\n<div class=\"wp-block-column is-layout-flow wp-block-column-is-layout-flow\"><div class=\"wp-block-image\">\n<figure class=\"aligncenter size-full is-resized\"><img loading=\"lazy\" decoding=\"async\" width=\"500\" height=\"500\" src=\"https:\/\/loirevalleepadel.fr\/wp-content\/uploads\/2022\/12\/Picto-Site-Loire-Vallee-Padel-Terrain-3.png\" alt=\"\" class=\"wp-image-1782\" style=\"width:50px;height:50px\" srcset=\"https:\/\/loirevalleepadel.fr\/wp-content\/uploads\/2022\/12\/Picto-Site-Loire-Vallee-Padel-Terrain-3.png 500w, https:\/\/loirevalleepadel.fr\/wp-content\/uploads\/2022\/12\/Picto-Site-Loire-Vallee-Padel-Terrain-3-300x300.png 300w, https:\/\/loirevalleepadel.fr\/wp-content\/uploads\/2022\/12\/Picto-Site-Loire-Vallee-Padel-Terrain-3-150x150.png 150w\" sizes=\"auto, (max-width: 500px) 100vw, 500px\" \/><\/figure><\/div>\n\n\n<div style=\"height:24px\" aria-hidden=\"true\" class=\"wp-block-spacer\"><\/div>\n\n\n\n<p class=\"has-text-align-center has-medium-font-size\"><strong>6\u20ac<\/strong> l&#8217;achat d&#8217;un tube de 3 balles<\/p>\n<\/div>\n<\/div>\n\n\n\n<div class=\"wp-block-stackable-spacer stk-block-spacer stk--no-padding stk-block stk-098e134\" data-block-id=\"098e134\"><style>.stk-098e134{height:100px !important}<\/style><\/div>\n\n\n\n<div class=\"wp-block-stackable-divider is-style-dots stk-block-divider stk-block stk-b292e79\" data-block-id=\"b292e79\"><style>.stk-b292e79 .stk-block-divider__dot{background:#92bfd5 !important}<\/style><div class=\"stk-block-divider__dots\" aria-hidden=\"true\"><div class=\"stk-block-divider__dot\"><\/div><div class=\"stk-block-divider__dot\"><\/div><div class=\"stk-block-divider__dot\"><\/div><\/div><\/div>\n\n\n\n<div style=\"height:50px\" aria-hidden=\"true\" class=\"wp-block-spacer\"><\/div>\n\n\n\n<h2 class=\"wp-block-heading has-text-align-center has-x-large-font-size\"><strong>Tarifs Cartes 10h, 25h ou 50h<\/strong><\/h2>\n\n\n\n<div style=\"height:20px\" aria-hidden=\"true\" class=\"wp-block-spacer\"><\/div>\n\n\n<div class=\"wp-block-image\">\n<figure class=\"aligncenter size-full is-resized\"><img loading=\"lazy\" decoding=\"async\" width=\"500\" height=\"500\" src=\"https:\/\/loirevalleepadel.fr\/wp-content\/uploads\/2022\/12\/Picto-Site-Loire-Vallee-Padel-Terrain-4.png\" alt=\"\" class=\"wp-image-1783\" style=\"width:50px;height:50px\" srcset=\"https:\/\/loirevalleepadel.fr\/wp-content\/uploads\/2022\/12\/Picto-Site-Loire-Vallee-Padel-Terrain-4.png 500w, https:\/\/loirevalleepadel.fr\/wp-content\/uploads\/2022\/12\/Picto-Site-Loire-Vallee-Padel-Terrain-4-300x300.png 300w, https:\/\/loirevalleepadel.fr\/wp-content\/uploads\/2022\/12\/Picto-Site-Loire-Vallee-Padel-Terrain-4-150x150.png 150w\" sizes=\"auto, (max-width: 500px) 100vw, 500px\" \/><\/figure><\/div>\n\n\n<p class=\"has-text-align-center has-medium-font-size\"><strong>68\u20ac<\/strong> la carte de <strong>10 heures<\/strong> au lieu de 80\u20ac.<br>Carte valable un an.<\/p>\n\n\n\n<div style=\"height:20px\" aria-hidden=\"true\" class=\"wp-block-spacer\"><\/div>\n\n\n\n<div style=\"height:25px\" aria-hidden=\"true\" class=\"wp-block-spacer\"><\/div>\n\n\n\n<div class=\"wp-block-columns is-layout-flex wp-container-core-columns-is-layout-4 wp-block-columns-is-layout-flex\">\n<div class=\"wp-block-column is-layout-flow wp-block-column-is-layout-flow\"><div class=\"wp-block-image\">\n<figure class=\"aligncenter size-full is-resized\"><img loading=\"lazy\" decoding=\"async\" width=\"500\" height=\"500\" src=\"https:\/\/loirevalleepadel.fr\/wp-content\/uploads\/2022\/12\/Picto-Site-Loire-Vallee-Padel-Terrain-5.png\" alt=\"\" class=\"wp-image-1784\" style=\"width:50px;height:50px\" srcset=\"https:\/\/loirevalleepadel.fr\/wp-content\/uploads\/2022\/12\/Picto-Site-Loire-Vallee-Padel-Terrain-5.png 500w, https:\/\/loirevalleepadel.fr\/wp-content\/uploads\/2022\/12\/Picto-Site-Loire-Vallee-Padel-Terrain-5-300x300.png 300w, https:\/\/loirevalleepadel.fr\/wp-content\/uploads\/2022\/12\/Picto-Site-Loire-Vallee-Padel-Terrain-5-150x150.png 150w\" sizes=\"auto, (max-width: 500px) 100vw, 500px\" \/><\/figure><\/div>\n\n\n<p class=\"has-text-align-center has-medium-font-size\"><strong>160\u20ac<\/strong> la carte de <strong>25 heures<\/strong> au lieu de 200\u20ac.<br>Carte valable un an.<\/p>\n<\/div>\n\n\n\n<div class=\"wp-block-column is-layout-flow wp-block-column-is-layout-flow\"><div class=\"wp-block-image\">\n<figure class=\"aligncenter size-full is-resized\"><img loading=\"lazy\" decoding=\"async\" width=\"500\" height=\"500\" src=\"https:\/\/loirevalleepadel.fr\/wp-content\/uploads\/2022\/12\/Picto-Site-Loire-Vallee-Padel-Terrain-6.png\" alt=\"\" class=\"wp-image-1785\" style=\"width:50px;height:50px\" srcset=\"https:\/\/loirevalleepadel.fr\/wp-content\/uploads\/2022\/12\/Picto-Site-Loire-Vallee-Padel-Terrain-6.png 500w, https:\/\/loirevalleepadel.fr\/wp-content\/uploads\/2022\/12\/Picto-Site-Loire-Vallee-Padel-Terrain-6-300x300.png 300w, https:\/\/loirevalleepadel.fr\/wp-content\/uploads\/2022\/12\/Picto-Site-Loire-Vallee-Padel-Terrain-6-150x150.png 150w\" sizes=\"auto, (max-width: 500px) 100vw, 500px\" \/><\/figure><\/div>\n\n\n<p class=\"has-text-align-center has-medium-font-size\"><strong>300\u20ac<\/strong> la carte de <strong>50 heures<\/strong> au lieu de 400\u20ac.<br>Carte valable un an.<\/p>\n<\/div>\n<\/div>\n\n\n\n<p class=\"has-text-align-center has-medium-font-size\"><strong>Pour tout achat d&#8217;une carte, un \u00e9cocup aux couleurs du Loire Vall\u00e9e Padel offert !<\/strong><\/p>\n","protected":false},"excerpt":{"rendered":"<p>Tarifs Padel Voici les tarifs (\u00e0 partir du 1er juin 2023) du Loire Vall\u00e9e Padel, n&#8217;h\u00e9sitez pas \u00e0 nous contacter pour plus d&#8217;informations. Tarifs Adultes 8\u20ac la location de terrain pour 1 personne(soit 32\u20ac le terrain pour 1 heure) 2\u20ac la location de raquette 6\u20ac l&#8217;achat d&#8217;un tube de 3 balles Tarifs Etudiants 6\u20ac la [&hellip;]<\/p>\n","protected":false},"author":1,"featured_media":0,"parent":0,"menu_order":0,"comment_status":"closed","ping_status":"closed","template":"","meta":{"footnotes":""},"class_list":["post-56","page","type-page","status-publish","hentry"],"featured_image_urls":{"full":"","thumbnail":"","medium":"","medium_large":"","large":"","RoboGalleryMansoryImagesCenter":"","RoboGalleryMansoryImagesTop":"","1536x1536":"","2048x2048":""},"post_excerpt_stackable":"<p>Tarifs Padel Voici les tarifs (\u00e0 partir du 1er juin 2023) du Loire Vall\u00e9e Padel, n&#8217;h\u00e9sitez pas \u00e0 nous contacter pour plus d&#8217;informations. Tarifs Adultes 8\u20ac la location de terrain pour 1 personne(soit 32\u20ac le terrain pour 1 heure) 2\u20ac la location de raquette 6\u20ac l&#8217;achat d&#8217;un tube de 3 balles Tarifs Etudiants 6\u20ac la location de terrain pour 1 personne(soit 24\u20ac le terrain pour 1 heure) 2\u20ac la location de raquette 6\u20ac l&#8217;achat d&#8217;un tube de 3 balles Tarifs Avantageux Payez 1h et Jouez 2h ! Offre valable du lundi au vendredi pour une location \u00e0 13h30 ou 14h30.\u2026<\/p>\n","category_list":"","author_info":{"name":"admin9294","url":"https:\/\/loirevalleepadel.fr\/index.php\/author\/admin9294\/"},"comments_num":"0 commentaire","_links":{"self":[{"href":"https:\/\/loirevalleepadel.fr\/index.php\/wp-json\/wp\/v2\/pages\/56","targetHints":{"allow":["GET"]}}],"collection":[{"href":"https:\/\/loirevalleepadel.fr\/index.php\/wp-json\/wp\/v2\/pages"}],"about":[{"href":"https:\/\/loirevalleepadel.fr\/index.php\/wp-json\/wp\/v2\/types\/page"}],"author":[{"embeddable":true,"href":"https:\/\/loirevalleepadel.fr\/index.php\/wp-json\/wp\/v2\/users\/1"}],"replies":[{"embeddable":true,"href":"https:\/\/loirevalleepadel.fr\/index.php\/wp-json\/wp\/v2\/comments?post=56"}],"version-history":[{"count":103,"href":"https:\/\/loirevalleepadel.fr\/index.php\/wp-json\/wp\/v2\/pages\/56\/revisions"}],"predecessor-version":[{"id":3418,"href":"https:\/\/loirevalleepadel.fr\/index.php\/wp-json\/wp\/v2\/pages\/56\/revisions\/3418"}],"wp:attachment":[{"href":"https:\/\/loirevalleepadel.fr\/index.php\/wp-json\/wp\/v2\/media?parent=56"}],"curies":[{"name":"wp","href":"https:\/\/api.w.org\/{rel}","templated":true}]}}