{"id":48,"date":"2021-11-19T18:17:12","date_gmt":"2021-11-19T17:17:12","guid":{"rendered":"http:\/\/loirevalleepadel.fr\/?page_id=48"},"modified":"2025-05-22T15:42:37","modified_gmt":"2025-05-22T13:42:37","slug":"offres-entreprise","status":"publish","type":"page","link":"https:\/\/loirevalleepadel.fr\/index.php\/offres-entreprise\/","title":{"rendered":"Offres"},"content":{"rendered":"\n<h4 class=\"wp-block-heading has-text-align-center has-medium-font-size\">Venez d\u00e9couvrir le Padel avec vos collaborateurs, vos coll\u00e8gues ou vos partenaires d&#8217;un club de sport, une offre sp\u00e9ciale vous attend&#8230;<\/h4>\n\n\n\n<p class=\"has-text-align-center\"><span style=\"color: #f34957;\" class=\"stk-highlight\"><strong><mark style=\"background-color:rgba(0, 0, 0, 0);color:#93c2d9\" class=\"has-inline-color\">Offre d\u00e9couverte entreprises &#8220;valable une fois&#8221;<\/mark> <\/strong><\/span><\/p>\n\n\n<div class=\"wp-block-image\">\n<figure class=\"aligncenter size-large\"><img loading=\"lazy\" decoding=\"async\" width=\"724\" height=\"1024\" src=\"https:\/\/loirevalleepadel.fr\/wp-content\/uploads\/2025\/05\/Offre-speciale-entreprises-724x1024.png\" alt=\"\" class=\"wp-image-3362\" srcset=\"https:\/\/loirevalleepadel.fr\/wp-content\/uploads\/2025\/05\/Offre-speciale-entreprises-724x1024.png 724w, https:\/\/loirevalleepadel.fr\/wp-content\/uploads\/2025\/05\/Offre-speciale-entreprises-212x300.png 212w, https:\/\/loirevalleepadel.fr\/wp-content\/uploads\/2025\/05\/Offre-speciale-entreprises-768x1086.png 768w, https:\/\/loirevalleepadel.fr\/wp-content\/uploads\/2025\/05\/Offre-speciale-entreprises-1086x1536.png 1086w, https:\/\/loirevalleepadel.fr\/wp-content\/uploads\/2025\/05\/Offre-speciale-entreprises.png 1414w\" sizes=\"auto, (max-width: 724px) 100vw, 724px\" \/><\/figure><\/div>\n\n\n<div class=\"wp-block-stackable-spacer stk-block-spacer stk--no-padding stk-block stk-ec584bf\" data-block-id=\"ec584bf\"><\/div>\n\n\n\n<p class=\"has-text-align-center\"><strong><mark style=\"background-color:rgba(0, 0, 0, 0);color:#93c2d9\" class=\"has-inline-color\">Offre entreprises CE<\/mark> <\/strong><\/p>\n\n\n<div class=\"wp-block-image\">\n<figure class=\"aligncenter size-large\"><img loading=\"lazy\" decoding=\"async\" width=\"724\" height=\"1024\" src=\"https:\/\/loirevalleepadel.fr\/wp-content\/uploads\/2024\/12\/Offre-Comites-dentreprises-724x1024.png\" alt=\"\" class=\"wp-image-3031\" srcset=\"https:\/\/loirevalleepadel.fr\/wp-content\/uploads\/2024\/12\/Offre-Comites-dentreprises-724x1024.png 724w, https:\/\/loirevalleepadel.fr\/wp-content\/uploads\/2024\/12\/Offre-Comites-dentreprises-212x300.png 212w, https:\/\/loirevalleepadel.fr\/wp-content\/uploads\/2024\/12\/Offre-Comites-dentreprises-768x1086.png 768w, https:\/\/loirevalleepadel.fr\/wp-content\/uploads\/2024\/12\/Offre-Comites-dentreprises-1086x1536.png 1086w, https:\/\/loirevalleepadel.fr\/wp-content\/uploads\/2024\/12\/Offre-Comites-dentreprises.png 1414w\" sizes=\"auto, (max-width: 724px) 100vw, 724px\" \/><\/figure><\/div>\n\n\n<div class=\"wp-block-stackable-spacer stk-block-spacer stk--no-padding stk-block stk-ec584bf\" data-block-id=\"ec584bf\"><\/div>\n\n\n\n<p class=\"has-text-align-center\"><strong><mark style=\"background-color:rgba(0, 0, 0, 0);color:#93c2d9\" class=\"has-inline-color\">Offre clubs de sport<\/mark> <\/strong><\/p>\n\n\n<div class=\"wp-block-image\">\n<figure class=\"aligncenter size-large\"><img loading=\"lazy\" decoding=\"async\" width=\"724\" height=\"1024\" src=\"https:\/\/loirevalleepadel.fr\/wp-content\/uploads\/2024\/12\/Offre-speciale-clubs-de-sport-724x1024.png\" alt=\"\" class=\"wp-image-3055\" srcset=\"https:\/\/loirevalleepadel.fr\/wp-content\/uploads\/2024\/12\/Offre-speciale-clubs-de-sport-724x1024.png 724w, https:\/\/loirevalleepadel.fr\/wp-content\/uploads\/2024\/12\/Offre-speciale-clubs-de-sport-212x300.png 212w, https:\/\/loirevalleepadel.fr\/wp-content\/uploads\/2024\/12\/Offre-speciale-clubs-de-sport-768x1086.png 768w, https:\/\/loirevalleepadel.fr\/wp-content\/uploads\/2024\/12\/Offre-speciale-clubs-de-sport-1086x1536.png 1086w, https:\/\/loirevalleepadel.fr\/wp-content\/uploads\/2024\/12\/Offre-speciale-clubs-de-sport.png 1414w\" sizes=\"auto, (max-width: 724px) 100vw, 724px\" \/><\/figure><\/div>","protected":false},"excerpt":{"rendered":"<p>Venez d\u00e9couvrir le Padel avec vos collaborateurs, vos coll\u00e8gues ou vos partenaires d&#8217;un club de sport, une offre sp\u00e9ciale vous attend&#8230; Offre d\u00e9couverte entreprises &#8220;valable une fois&#8221; Offre entreprises CE Offre clubs de sport<\/p>\n","protected":false},"author":1,"featured_media":0,"parent":0,"menu_order":0,"comment_status":"closed","ping_status":"closed","template":"","meta":{"footnotes":""},"class_list":["post-48","page","type-page","status-publish","hentry"],"featured_image_urls":{"full":"","thumbnail":"","medium":"","medium_large":"","large":"","RoboGalleryMansoryImagesCenter":"","RoboGalleryMansoryImagesTop":"","1536x1536":"","2048x2048":""},"post_excerpt_stackable":"<p>Venez d\u00e9couvrir le Padel avec vos collaborateurs, vos coll\u00e8gues ou vos partenaires d&#8217;un club de sport, une offre sp\u00e9ciale vous attend&#8230; Offre d\u00e9couverte entreprises &#8220;valable une fois&#8221; Offre entreprises CE Offre clubs de sport<\/p>\n","category_list":"","author_info":{"name":"admin9294","url":"https:\/\/loirevalleepadel.fr\/index.php\/author\/admin9294\/"},"comments_num":"0 commentaire","_links":{"self":[{"href":"https:\/\/loirevalleepadel.fr\/index.php\/wp-json\/wp\/v2\/pages\/48","targetHints":{"allow":["GET"]}}],"collection":[{"href":"https:\/\/loirevalleepadel.fr\/index.php\/wp-json\/wp\/v2\/pages"}],"about":[{"href":"https:\/\/loirevalleepadel.fr\/index.php\/wp-json\/wp\/v2\/types\/page"}],"author":[{"embeddable":true,"href":"https:\/\/loirevalleepadel.fr\/index.php\/wp-json\/wp\/v2\/users\/1"}],"replies":[{"embeddable":true,"href":"https:\/\/loirevalleepadel.fr\/index.php\/wp-json\/wp\/v2\/comments?post=48"}],"version-history":[{"count":39,"href":"https:\/\/loirevalleepadel.fr\/index.php\/wp-json\/wp\/v2\/pages\/48\/revisions"}],"predecessor-version":[{"id":3363,"href":"https:\/\/loirevalleepadel.fr\/index.php\/wp-json\/wp\/v2\/pages\/48\/revisions\/3363"}],"wp:attachment":[{"href":"https:\/\/loirevalleepadel.fr\/index.php\/wp-json\/wp\/v2\/media?parent=48"}],"curies":[{"name":"wp","href":"https:\/\/api.w.org\/{rel}","templated":true}]}}