{"id":45,"date":"2021-11-19T18:16:06","date_gmt":"2021-11-19T17:16:06","guid":{"rendered":"http:\/\/loirevalleepadel.fr\/?page_id=45"},"modified":"2025-09-04T15:20:57","modified_gmt":"2025-09-04T13:20:57","slug":"enseignement","status":"publish","type":"page","link":"https:\/\/loirevalleepadel.fr\/index.php\/enseignement\/","title":{"rendered":"Nos cours"},"content":{"rendered":"\n<h1 class=\"wp-block-heading has-text-align-center\" style=\"font-size:50px\"><mark style=\"background-color:rgba(0, 0, 0, 0);color:#93c2d9\" class=\"has-inline-color\">Enseignement<\/mark><\/h1>\n\n\n\n<div class=\"wp-block-stackable-spacer stk-block-spacer stk--no-padding stk-block stk-e17d5ed\" data-block-id=\"e17d5ed\"><\/div>\n\n\n\n<h1 class=\"wp-block-heading has-text-align-center\" style=\"font-size:40px\"><mark style=\"background-color:rgba(0, 0, 0, 0);color:#93c2d9\" class=\"has-inline-color\">Les cours collectifs<\/mark><\/h1>\n\n\n\n<h4 class=\"wp-block-heading has-text-align-center\">Les cours de Padel sont le meilleur moyen pour appr\u00e9hender la pratique et s&#8217;am\u00e9liorer tout en \u00e9tant encadr\u00e9s par un enseignant dipl\u00f4m\u00e9 d&#8217;Etat. <br><\/h4>\n\n\n\n<div class=\"wp-block-stackable-spacer stk-block-spacer stk--no-padding stk-block stk-607677e\" data-block-id=\"607677e\"><style>.stk-607677e{height:15px !important}<\/style><\/div>\n\n\n\n<h4 class=\"wp-block-heading has-text-align-center\">Notre enseignant, Logan CHEVREAU, reste \u00e0 votre \u00e9coute pour vous faire progresser \ud83d\ude09<br><\/h4>\n\n\n\n<div class=\"wp-block-stackable-spacer stk-block-spacer stk--no-padding stk-block stk-33975fa\" data-block-id=\"33975fa\"><style>.stk-33975fa{height:15px !important}<\/style><\/div>\n\n\n<div class=\"wp-block-image\">\n<figure class=\"aligncenter size-full is-resized\"><img loading=\"lazy\" decoding=\"async\" width=\"1024\" height=\"1024\" src=\"https:\/\/loirevalleepadel.fr\/wp-content\/uploads\/2025\/09\/Cours-collectifs-Padel-20252026.png\" alt=\"\" class=\"wp-image-3419\" style=\"width:-160px;height:-160px\" srcset=\"https:\/\/loirevalleepadel.fr\/wp-content\/uploads\/2025\/09\/Cours-collectifs-Padel-20252026.png 1024w, https:\/\/loirevalleepadel.fr\/wp-content\/uploads\/2025\/09\/Cours-collectifs-Padel-20252026-300x300.png 300w, https:\/\/loirevalleepadel.fr\/wp-content\/uploads\/2025\/09\/Cours-collectifs-Padel-20252026-150x150.png 150w, https:\/\/loirevalleepadel.fr\/wp-content\/uploads\/2025\/09\/Cours-collectifs-Padel-20252026-768x768.png 768w\" sizes=\"auto, (max-width: 1024px) 100vw, 1024px\" \/><\/figure><\/div>\n\n\n<div style=\"height:44px\" aria-hidden=\"true\" class=\"wp-block-spacer\"><\/div>\n\n\n\n<h4 class=\"wp-block-heading has-text-align-center\">N&#8217;h\u00e9sitez pas \u00e0 nous contacter pour plus d&#8217;informations.<\/h4>\n\n\n\n<div class=\"wp-block-stackable-spacer stk-block-spacer stk--no-padding stk-block stk-f09d795\" data-block-id=\"f09d795\"><style>.stk-f09d795{height:40px !important}<\/style><\/div>\n","protected":false},"excerpt":{"rendered":"<p>Enseignement Les cours collectifs Les cours de Padel sont le meilleur moyen pour appr\u00e9hender la pratique et s&#8217;am\u00e9liorer tout en \u00e9tant encadr\u00e9s par un enseignant dipl\u00f4m\u00e9 d&#8217;Etat. Notre enseignant, Logan CHEVREAU, reste \u00e0 votre \u00e9coute pour vous faire progresser \ud83d\ude09 N&#8217;h\u00e9sitez pas \u00e0 nous contacter pour plus d&#8217;informations.<\/p>\n","protected":false},"author":1,"featured_media":0,"parent":0,"menu_order":0,"comment_status":"closed","ping_status":"closed","template":"","meta":{"footnotes":""},"class_list":["post-45","page","type-page","status-publish","hentry"],"featured_image_urls":{"full":"","thumbnail":"","medium":"","medium_large":"","large":"","RoboGalleryMansoryImagesCenter":"","RoboGalleryMansoryImagesTop":"","1536x1536":"","2048x2048":""},"post_excerpt_stackable":"<p>Enseignement Les cours collectifs Les cours de Padel sont le meilleur moyen pour appr\u00e9hender la pratique et s&#8217;am\u00e9liorer tout en \u00e9tant encadr\u00e9s par un enseignant dipl\u00f4m\u00e9 d&#8217;Etat. Notre enseignant, Logan CHEVREAU, reste \u00e0 votre \u00e9coute pour vous faire progresser \ud83d\ude09 N&#8217;h\u00e9sitez pas \u00e0 nous contacter pour plus d&#8217;informations.<\/p>\n","category_list":"","author_info":{"name":"admin9294","url":"https:\/\/loirevalleepadel.fr\/index.php\/author\/admin9294\/"},"comments_num":"0 commentaire","_links":{"self":[{"href":"https:\/\/loirevalleepadel.fr\/index.php\/wp-json\/wp\/v2\/pages\/45","targetHints":{"allow":["GET"]}}],"collection":[{"href":"https:\/\/loirevalleepadel.fr\/index.php\/wp-json\/wp\/v2\/pages"}],"about":[{"href":"https:\/\/loirevalleepadel.fr\/index.php\/wp-json\/wp\/v2\/types\/page"}],"author":[{"embeddable":true,"href":"https:\/\/loirevalleepadel.fr\/index.php\/wp-json\/wp\/v2\/users\/1"}],"replies":[{"embeddable":true,"href":"https:\/\/loirevalleepadel.fr\/index.php\/wp-json\/wp\/v2\/comments?post=45"}],"version-history":[{"count":54,"href":"https:\/\/loirevalleepadel.fr\/index.php\/wp-json\/wp\/v2\/pages\/45\/revisions"}],"predecessor-version":[{"id":3421,"href":"https:\/\/loirevalleepadel.fr\/index.php\/wp-json\/wp\/v2\/pages\/45\/revisions\/3421"}],"wp:attachment":[{"href":"https:\/\/loirevalleepadel.fr\/index.php\/wp-json\/wp\/v2\/media?parent=45"}],"curies":[{"name":"wp","href":"https:\/\/api.w.org\/{rel}","templated":true}]}}