{"id":41,"date":"2021-11-19T18:15:21","date_gmt":"2021-11-19T17:15:21","guid":{"rendered":"http:\/\/loirevalleepadel.fr\/?page_id=41"},"modified":"2024-11-26T12:22:08","modified_gmt":"2024-11-26T11:22:08","slug":"contact","status":"publish","type":"page","link":"https:\/\/loirevalleepadel.fr\/index.php\/contact\/","title":{"rendered":"Contact"},"content":{"rendered":"\n<div class=\"wp-block-media-text alignwide is-stacked-on-mobile\"><figure class=\"wp-block-media-text__media\"><a href=\"https:\/\/www.google.com\/maps\/place\/LOIRE+VALL%C3%89E+PADEL\/@47.5753478,1.3002977,17z\/data=!3m1!4b1!4m5!3m4!1s0x47e357de3153f1cb:0x5294c5f066a770cc!8m2!3d47.5753442!4d1.3024864?hl=fr\" target=\"_blank\" rel=\"noopener\"><img loading=\"lazy\" decoding=\"async\" width=\"1024\" height=\"671\" src=\"https:\/\/loirevalleepadel.fr\/wp-content\/uploads\/2021\/11\/plan-de-la-ville-de-blois-1024x671.png\" alt=\"\" class=\"wp-image-152 size-full\" srcset=\"https:\/\/loirevalleepadel.fr\/wp-content\/uploads\/2021\/11\/plan-de-la-ville-de-blois-1024x671.png 1024w, https:\/\/loirevalleepadel.fr\/wp-content\/uploads\/2021\/11\/plan-de-la-ville-de-blois-300x196.png 300w, https:\/\/loirevalleepadel.fr\/wp-content\/uploads\/2021\/11\/plan-de-la-ville-de-blois-768x503.png 768w, https:\/\/loirevalleepadel.fr\/wp-content\/uploads\/2021\/11\/plan-de-la-ville-de-blois.png 1171w\" sizes=\"auto, (max-width: 1024px) 100vw, 1024px\" \/><\/a><\/figure><div class=\"wp-block-media-text__content\">\n<p style=\"font-size:24px\"><strong>LOIRE VALLEE PADEL <\/strong><\/p>\n\n\n\n<p style=\"font-size:24px\"><strong>14 et 16 Rue Albert Camus <\/strong><\/p>\n\n\n\n<p style=\"font-size:24px\"><strong>41000 BLOIS<\/strong><\/p>\n\n\n\n<p style=\"font-size:24px\"><strong>Mail : <a href=\"mailto:loirevalleepadel@fft.fr\">loirevalleepadel@fft.fr<\/a><\/strong><\/p>\n\n\n\n<p style=\"font-size:24px\"><strong>T\u00e9l\u00e9phone : 06.37.30.17.85<\/strong><\/p>\n<\/div><\/div>\n\n\n\n<div class=\"wp-block-stackable-spacer stk-block-spacer stk--no-padding stk-block stk-dc8cd55\" data-block-id=\"dc8cd55\"><\/div>\n\n\n\n<div class=\"wp-block-columns is-layout-flex wp-container-core-columns-is-layout-1 wp-block-columns-is-layout-flex\">\n<div class=\"wp-block-column is-layout-flow wp-block-column-is-layout-flow\">\n<figure class=\"wp-block-image size-full is-resized\"><img loading=\"lazy\" decoding=\"async\" width=\"300\" height=\"300\" src=\"https:\/\/loirevalleepadel.fr\/wp-content\/uploads\/2021\/11\/nathaliecornet2-300x300-1.jpg\" alt=\"\" class=\"wp-image-155\" srcset=\"https:\/\/loirevalleepadel.fr\/wp-content\/uploads\/2021\/11\/nathaliecornet2-300x300-1.jpg 300w, https:\/\/loirevalleepadel.fr\/wp-content\/uploads\/2021\/11\/nathaliecornet2-300x300-1-150x150.jpg 150w\" sizes=\"auto, (max-width: 300px) 100vw, 300px\" \/><figcaption class=\"wp-element-caption\"><strong>Nathalie CORNET  <br>Responsable du d\u00e9veloppement<\/strong><\/figcaption><\/figure>\n\n\n\n<figure class=\"wp-block-image size-full is-resized\"><img loading=\"lazy\" decoding=\"async\" width=\"400\" height=\"400\" src=\"https:\/\/loirevalleepadel.fr\/wp-content\/uploads\/2024\/11\/Logan-Chevreau.png\" alt=\"\" class=\"wp-image-3007\" style=\"width:306px;height:auto\" srcset=\"https:\/\/loirevalleepadel.fr\/wp-content\/uploads\/2024\/11\/Logan-Chevreau.png 400w, https:\/\/loirevalleepadel.fr\/wp-content\/uploads\/2024\/11\/Logan-Chevreau-300x300.png 300w, https:\/\/loirevalleepadel.fr\/wp-content\/uploads\/2024\/11\/Logan-Chevreau-150x150.png 150w\" sizes=\"auto, (max-width: 400px) 100vw, 400px\" \/><figcaption class=\"wp-element-caption\"><strong>Logan CHEVREAU <br>Accueil et Enseignant<\/strong><\/figcaption><\/figure>\n<\/div>\n\n\n\n<div class=\"wp-block-column is-layout-flow wp-block-column-is-layout-flow\">\n<figure class=\"wp-block-image size-full is-resized\"><img loading=\"lazy\" decoding=\"async\" width=\"250\" height=\"250\" src=\"https:\/\/loirevalleepadel.fr\/wp-content\/uploads\/2021\/11\/GeoffreyCHABROL-250x250-2.jpg\" alt=\"\" class=\"wp-image-156\" srcset=\"https:\/\/loirevalleepadel.fr\/wp-content\/uploads\/2021\/11\/GeoffreyCHABROL-250x250-2.jpg 250w, https:\/\/loirevalleepadel.fr\/wp-content\/uploads\/2021\/11\/GeoffreyCHABROL-250x250-2-150x150.jpg 150w\" sizes=\"auto, (max-width: 250px) 100vw, 250px\" \/><figcaption class=\"wp-element-caption\"><strong>Geoffrey CHABROL <br>Responsable sportif et Enseignant<\/strong><\/figcaption><\/figure>\n<\/div>\n<\/div>\n","protected":false},"excerpt":{"rendered":"<p>LOIRE VALLEE PADEL 14 et 16 Rue Albert Camus 41000 BLOIS Mail : loirevalleepadel@fft.fr T\u00e9l\u00e9phone : 06.37.30.17.85<\/p>\n","protected":false},"author":1,"featured_media":0,"parent":0,"menu_order":0,"comment_status":"closed","ping_status":"closed","template":"","meta":{"footnotes":""},"class_list":["post-41","page","type-page","status-publish","hentry"],"featured_image_urls":{"full":"","thumbnail":"","medium":"","medium_large":"","large":"","RoboGalleryMansoryImagesCenter":"","RoboGalleryMansoryImagesTop":"","1536x1536":"","2048x2048":""},"post_excerpt_stackable":"<p>LOIRE VALLEE PADEL 14 et 16 Rue Albert Camus 41000 BLOIS Mail : loirevalleepadel@fft.fr T\u00e9l\u00e9phone : 06.37.30.17.85 Nathalie CORNET Responsable du d\u00e9veloppement Logan CHEVREAU Accueil et Enseignant Geoffrey CHABROL Responsable sportif et Enseignant<\/p>\n","category_list":"","author_info":{"name":"admin9294","url":"https:\/\/loirevalleepadel.fr\/index.php\/author\/admin9294\/"},"comments_num":"0 commentaire","_links":{"self":[{"href":"https:\/\/loirevalleepadel.fr\/index.php\/wp-json\/wp\/v2\/pages\/41","targetHints":{"allow":["GET"]}}],"collection":[{"href":"https:\/\/loirevalleepadel.fr\/index.php\/wp-json\/wp\/v2\/pages"}],"about":[{"href":"https:\/\/loirevalleepadel.fr\/index.php\/wp-json\/wp\/v2\/types\/page"}],"author":[{"embeddable":true,"href":"https:\/\/loirevalleepadel.fr\/index.php\/wp-json\/wp\/v2\/users\/1"}],"replies":[{"embeddable":true,"href":"https:\/\/loirevalleepadel.fr\/index.php\/wp-json\/wp\/v2\/comments?post=41"}],"version-history":[{"count":29,"href":"https:\/\/loirevalleepadel.fr\/index.php\/wp-json\/wp\/v2\/pages\/41\/revisions"}],"predecessor-version":[{"id":3009,"href":"https:\/\/loirevalleepadel.fr\/index.php\/wp-json\/wp\/v2\/pages\/41\/revisions\/3009"}],"wp:attachment":[{"href":"https:\/\/loirevalleepadel.fr\/index.php\/wp-json\/wp\/v2\/media?parent=41"}],"curies":[{"name":"wp","href":"https:\/\/api.w.org\/{rel}","templated":true}]}}