{"id":39,"date":"2021-11-19T18:15:03","date_gmt":"2021-11-19T17:15:03","guid":{"rendered":"http:\/\/loirevalleepadel.fr\/?page_id=39"},"modified":"2021-12-22T16:45:25","modified_gmt":"2021-12-22T15:45:25","slug":"applications","status":"publish","type":"page","link":"https:\/\/loirevalleepadel.fr\/index.php\/applications\/","title":{"rendered":"Application"},"content":{"rendered":"\n<h3 class=\"has-text-align-center wp-block-heading\" style=\"font-size:18px\"> L&#8217;application LOIRE VALLEE PADEL est disponible sur l&#8217;<a rel=\"noreferrer noopener\" href=\"https:\/\/apps.apple.com\/ci\/app\/loire-vall%C3%A9e-padel\/id1562458421\" data-type=\"URL\" data-id=\"https:\/\/apps.apple.com\/ci\/app\/loire-vall%C3%A9e-padel\/id1562458421\" target=\"_blank\">App Store<\/a> et le <a rel=\"noreferrer noopener\" href=\"https:\/\/play.google.com\/store\/apps\/details?id=com.trenicom.loirevalleepadel&amp;hl=fr&amp;gl=US\" data-type=\"URL\" data-id=\"https:\/\/play.google.com\/store\/apps\/details?id=com.trenicom.loirevalleepadel&amp;hl=fr&amp;gl=US\" target=\"_blank\">Play Store<\/a>, celle-ci vous permet de r\u00e9server un terrain, de connaitre l&#8217;actualit\u00e9 de la structure et de cr\u00e9er des parties ouvertes s&#8217;il vous manque un ou plusieurs joueurs.<\/h3>\n\n\n\n<div class=\"wp-block-stackable-spacer stk-block-spacer stk--no-padding stk-block stk-8925347\" data-block-id=\"8925347\"><\/div>\n\n\n\n<h3 class=\"has-text-align-center wp-block-heading\" style=\"font-size:18px\">Pour t\u00e9l\u00e9charger cette application, rendez-vous sur l&#8217;App Store ou le Play Store <br>ou scanner l&#8217;un des deux QR codes ci-dessous.<\/h3>\n\n\n\n<div class=\"wp-block-stackable-spacer stk-block-spacer stk--no-padding stk-block stk-e6c816d\" data-block-id=\"e6c816d\"><\/div>\n\n\n\n<div class=\"wp-block-columns is-layout-flex wp-container-core-columns-is-layout-1 wp-block-columns-is-layout-flex\">\n<div class=\"wp-block-column is-layout-flow wp-block-column-is-layout-flow\">\n<div class=\"wp-block-image\"><figure class=\"aligncenter size-full\"><a href=\"https:\/\/apps.apple.com\/ci\/app\/loire-vall%C3%A9e-padel\/id1562458421\"><img loading=\"lazy\" decoding=\"async\" width=\"200\" height=\"200\" src=\"https:\/\/loirevalleepadel.fr\/wp-content\/uploads\/2021\/11\/qr-code-apple-redimensionne.png\" alt=\"\" class=\"wp-image-137\" srcset=\"https:\/\/loirevalleepadel.fr\/wp-content\/uploads\/2021\/11\/qr-code-apple-redimensionne.png 200w, https:\/\/loirevalleepadel.fr\/wp-content\/uploads\/2021\/11\/qr-code-apple-redimensionne-150x150.png 150w\" sizes=\"auto, (max-width: 200px) 100vw, 200px\" \/><\/a><\/figure><\/div>\n<\/div>\n\n\n\n<div class=\"wp-block-column is-layout-flow wp-block-column-is-layout-flow\">\n<div class=\"wp-block-image\"><figure class=\"aligncenter size-full\"><a href=\"https:\/\/play.google.com\/store\/apps\/details?id=com.trenicom.loirevalleepadel&amp;hl=fr&amp;gl=US\"><img loading=\"lazy\" decoding=\"async\" width=\"200\" height=\"200\" src=\"https:\/\/loirevalleepadel.fr\/wp-content\/uploads\/2021\/11\/qr-code-android-redimensionne.png\" alt=\"\" class=\"wp-image-138\" srcset=\"https:\/\/loirevalleepadel.fr\/wp-content\/uploads\/2021\/11\/qr-code-android-redimensionne.png 200w, https:\/\/loirevalleepadel.fr\/wp-content\/uploads\/2021\/11\/qr-code-android-redimensionne-150x150.png 150w\" sizes=\"auto, (max-width: 200px) 100vw, 200px\" \/><\/a><\/figure><\/div>\n<\/div>\n<\/div>\n","protected":false},"excerpt":{"rendered":"<p>L&#8217;application LOIRE VALLEE PADEL est disponible sur l&#8217;App Store et le Play Store, celle-ci vous permet de r\u00e9server un terrain, de connaitre l&#8217;actualit\u00e9 de la structure et de cr\u00e9er des parties ouvertes s&#8217;il vous manque un ou plusieurs joueurs. Pour t\u00e9l\u00e9charger cette application, rendez-vous sur l&#8217;App Store ou le Play Store ou scanner l&#8217;un des [&hellip;]<\/p>\n","protected":false},"author":1,"featured_media":0,"parent":0,"menu_order":0,"comment_status":"closed","ping_status":"closed","template":"","meta":{"footnotes":""},"class_list":["post-39","page","type-page","status-publish","hentry"],"featured_image_urls":{"full":"","thumbnail":"","medium":"","medium_large":"","large":"","RoboGalleryMansoryImagesCenter":"","RoboGalleryMansoryImagesTop":"","1536x1536":"","2048x2048":""},"post_excerpt_stackable":"<p>L&#8217;application LOIRE VALLEE PADEL est disponible sur l&#8217;App Store et le Play Store, celle-ci vous permet de r\u00e9server un terrain, de connaitre l&#8217;actualit\u00e9 de la structure et de cr\u00e9er des parties ouvertes s&#8217;il vous manque un ou plusieurs joueurs. Pour t\u00e9l\u00e9charger cette application, rendez-vous sur l&#8217;App Store ou le Play Store ou scanner l&#8217;un des deux QR codes ci-dessous.<\/p>\n","category_list":"","author_info":{"name":"admin9294","url":"https:\/\/loirevalleepadel.fr\/index.php\/author\/admin9294\/"},"comments_num":"0 commentaire","_links":{"self":[{"href":"https:\/\/loirevalleepadel.fr\/index.php\/wp-json\/wp\/v2\/pages\/39","targetHints":{"allow":["GET"]}}],"collection":[{"href":"https:\/\/loirevalleepadel.fr\/index.php\/wp-json\/wp\/v2\/pages"}],"about":[{"href":"https:\/\/loirevalleepadel.fr\/index.php\/wp-json\/wp\/v2\/types\/page"}],"author":[{"embeddable":true,"href":"https:\/\/loirevalleepadel.fr\/index.php\/wp-json\/wp\/v2\/users\/1"}],"replies":[{"embeddable":true,"href":"https:\/\/loirevalleepadel.fr\/index.php\/wp-json\/wp\/v2\/comments?post=39"}],"version-history":[{"count":13,"href":"https:\/\/loirevalleepadel.fr\/index.php\/wp-json\/wp\/v2\/pages\/39\/revisions"}],"predecessor-version":[{"id":489,"href":"https:\/\/loirevalleepadel.fr\/index.php\/wp-json\/wp\/v2\/pages\/39\/revisions\/489"}],"wp:attachment":[{"href":"https:\/\/loirevalleepadel.fr\/index.php\/wp-json\/wp\/v2\/media?parent=39"}],"curies":[{"name":"wp","href":"https:\/\/api.w.org\/{rel}","templated":true}]}}