{"id":3598,"date":"2025-12-09T09:44:15","date_gmt":"2025-12-09T08:44:15","guid":{"rendered":"https:\/\/loirevalleepadel.fr\/?page_id=3598"},"modified":"2025-12-09T09:44:15","modified_gmt":"2025-12-09T08:44:15","slug":"offrez-un-bon-cadeau-pour-les-fetes","status":"publish","type":"page","link":"https:\/\/loirevalleepadel.fr\/index.php\/offrez-un-bon-cadeau-pour-les-fetes\/","title":{"rendered":"Offrez un bon cadeau pour les f\u00eates !"},"content":{"rendered":"\n<figure class=\"wp-block-image size-large\"><img loading=\"lazy\" decoding=\"async\" width=\"1024\" height=\"726\" src=\"https:\/\/loirevalleepadel.fr\/wp-content\/uploads\/2025\/12\/bons-cadeaux-1024x726.png\" alt=\"\" class=\"wp-image-3599\" srcset=\"https:\/\/loirevalleepadel.fr\/wp-content\/uploads\/2025\/12\/bons-cadeaux-1024x726.png 1024w, https:\/\/loirevalleepadel.fr\/wp-content\/uploads\/2025\/12\/bons-cadeaux-300x213.png 300w, https:\/\/loirevalleepadel.fr\/wp-content\/uploads\/2025\/12\/bons-cadeaux-768x545.png 768w, https:\/\/loirevalleepadel.fr\/wp-content\/uploads\/2025\/12\/bons-cadeaux-1536x1090.png 1536w, https:\/\/loirevalleepadel.fr\/wp-content\/uploads\/2025\/12\/bons-cadeaux.png 1748w\" sizes=\"auto, (max-width: 1024px) 100vw, 1024px\" \/><\/figure>\n\n\n\n<div style=\"height:50px\" aria-hidden=\"true\" class=\"wp-block-spacer\"><\/div>\n\n\n\n<p>Pour plus de renseignements, n&#8217;h\u00e9sitez pas \u00e0 venir nous voir au 16 rue Albert Camus, 41000 Blois ou \u00e0 nous appeler au 06 37 30 17 85 !<\/p>\n","protected":false},"excerpt":{"rendered":"<p>Pour plus de renseignements, n&#8217;h\u00e9sitez pas \u00e0 venir nous voir au 16 rue Albert Camus, 41000 Blois ou \u00e0 nous appeler au 06 37 30 17 85 !<\/p>\n","protected":false},"author":3,"featured_media":0,"parent":0,"menu_order":0,"comment_status":"closed","ping_status":"closed","template":"","meta":{"footnotes":""},"class_list":["post-3598","page","type-page","status-publish","hentry"],"featured_image_urls":{"full":"","thumbnail":"","medium":"","medium_large":"","large":"","RoboGalleryMansoryImagesCenter":"","RoboGalleryMansoryImagesTop":"","1536x1536":"","2048x2048":""},"post_excerpt_stackable":"<p>Pour plus de renseignements, n&#8217;h\u00e9sitez pas \u00e0 venir nous voir au 16 rue Albert Camus, 41000 Blois ou \u00e0 nous appeler au 06 37 30 17 85 !<\/p>\n","category_list":"","author_info":{"name":"Pierre-Maxime CLAUDE","url":"https:\/\/loirevalleepadel.fr\/index.php\/author\/pmclaude\/"},"comments_num":"0 commentaire","_links":{"self":[{"href":"https:\/\/loirevalleepadel.fr\/index.php\/wp-json\/wp\/v2\/pages\/3598","targetHints":{"allow":["GET"]}}],"collection":[{"href":"https:\/\/loirevalleepadel.fr\/index.php\/wp-json\/wp\/v2\/pages"}],"about":[{"href":"https:\/\/loirevalleepadel.fr\/index.php\/wp-json\/wp\/v2\/types\/page"}],"author":[{"embeddable":true,"href":"https:\/\/loirevalleepadel.fr\/index.php\/wp-json\/wp\/v2\/users\/3"}],"replies":[{"embeddable":true,"href":"https:\/\/loirevalleepadel.fr\/index.php\/wp-json\/wp\/v2\/comments?post=3598"}],"version-history":[{"count":1,"href":"https:\/\/loirevalleepadel.fr\/index.php\/wp-json\/wp\/v2\/pages\/3598\/revisions"}],"predecessor-version":[{"id":3600,"href":"https:\/\/loirevalleepadel.fr\/index.php\/wp-json\/wp\/v2\/pages\/3598\/revisions\/3600"}],"wp:attachment":[{"href":"https:\/\/loirevalleepadel.fr\/index.php\/wp-json\/wp\/v2\/media?parent=3598"}],"curies":[{"name":"wp","href":"https:\/\/api.w.org\/{rel}","templated":true}]}}